{"id":3655,"date":"2025-06-15T15:18:05","date_gmt":"2025-06-15T15:18:05","guid":{"rendered":"https:\/\/masajesfuengirola.com\/?page_id=3655"},"modified":"2025-08-07T17:47:40","modified_gmt":"2025-08-07T17:47:40","slug":"carta-de-masajes","status":"publish","type":"page","link":"https:\/\/masajesfuengirola.com\/en\/carta-de-masajes\/","title":{"rendered":"Carta de masajes"},"content":{"rendered":"<p>Conoce los rituales de masajes que hemos dise\u00f1ado para ti con t\u00e9cnicas profesionales enfocadas para tu bienestar integral.<\/p>\n\n\n\n<figure class=\"wp-block-video\"><video height=\"2160\" style=\"aspect-ratio: 3840 \/ 2160;\" width=\"3840\" controls src=\"https:\/\/masajesfuengirola.com\/wp-content\/uploads\/2025\/06\/wooden-finnish-sauna-interior-with-a-heating-spot-2023-11-27-04-59-03-utc.mp4\"><\/video><\/figure>\n\n\n\n<p>En Masajes Mashara Fuengirola, cada masaje est\u00e1 dise\u00f1ado para ofrecer una experiencia de bienestar integral que abarca cuerpo, mente y esp\u00edritu. Nuestra carta de masajes incluye tratamientos que no solo trabajan a nivel f\u00edsico, liberando tensiones en m\u00fasculos, ligamentos y articulaciones, sino que tambi\u00e9n brindan una profunda relajaci\u00f3n mental, ayudando a reducir el estr\u00e9s y a restaurar el equilibrio interior.<\/p>\n\n\n\n<p>Ya sea un masaje oriental, relajante, terap\u00e9utico, deportivo o descontracturante, cada sesi\u00f3n permite aliviar dolores y tensiones, mejorar la circulaci\u00f3n y flexibilizar el cuerpo, mientras que los beneficios psicol\u00f3gicos y emocionales te llevar\u00e1n a un estado de tranquilidad y armon\u00eda.<\/p>\n\n\n\n<p>Adem\u00e1s contamos con rituales de masajes que incluyen t\u00e9cnicas combinadas con esencias arom\u00e1ticas y sonidos relajantes, transport\u00e1ndote a un espacio de calma profunda, ideal para compartir en pareja o en un momento personal de relajaci\u00f3n.<\/p>\n\n\n\n<p>Para quienes desean un mayor control y conexi\u00f3n corporal, ofrecemos masajes tantra y de fortalecimiento de la relaci\u00f3n en pareja, promoviendo un v\u00ednculo m\u00e1s \u00edntimo y consciente. Cada experiencia en Masajes Mashara est\u00e1 pensada para renovarte desde adentro, dejando huella en el cuerpo y esp\u00edritu.<\/p>\n\n\n\n<p><strong>CARTA DE MASAJES<\/strong><\/p>\n\n\n\n<p>Masajes Corporales<\/p>\n\n\n\n<p>Disfruta de un masaje de cuerpo completo que te ayudar\u00e1 a liberar tensiones y revitalizar tu cuerpo de forma integral. Para m\u00e1s informaci\u00f3n, presiona aqu\u00ed.<\/p>\n\n\n\n<p><strong>Masaje relajante<\/strong><\/p>\n\n\n\n<p>Reduce el estr\u00e9s y la ansiedad. Promueve un estado de calma y relajaci\u00f3n, mejora la calidad del sue\u00f1o, alivia el dolor muscular, estimula la circulaci\u00f3n sangu\u00ednea y fortalece el sistema inmunol\u00f3gico.<\/p>\n\n\n\n<p>45min\/45\u20ac<\/p>\n\n\n\n<p>60min\/70\u20ac<\/p>\n\n\n\n<p>90min\/90\u20ac<\/p>\n\n\n\n<p id=\"masaje-terapeutico\"><strong>Masaje Descontracturante<\/strong><\/p>\n\n\n\n<p>Alivia contracturas y nudos musculares. Reduce dolores cr\u00f3nicos. Mejora la movilidad. Ayuda a corregir la postura. Aumenta la circulaci\u00f3n y previene lesiones.<\/p>\n\n\n\n<p>30min\/45\u20ac<\/p>\n\n\n\n<p>60min\/70\u20ac<\/p>\n\n\n\n<p><strong>Masaje Deportivo<\/strong><\/p>\n\n\n\n<p>Previene lesiones antes y despu\u00e9s del ejercicio. Alivia la fatiga muscular. Reduce inflamaciones. Relaja y alivia el dolor. Elimina toxinas. Ayuda a mejorar el rendimiento f\u00edsico.<\/p>\n\n\n\n<p>30min\/45\u20ac<\/p>\n\n\n\n<p>60min\/70\u20ac<\/p>\n\n\n\n<p>90min\/90\u20ac<\/p>\n\n\n\n<p><strong>Masaje Aromaterapia<\/strong><\/p>\n\n\n\n<p>Permite la relajaci\u00f3n profunda. Mejora del estado de \u00e1nimo. Alivia dolores musculares, articulares y de cabeza. Mejora la calidad del sue\u00f1o. Estimula la circulaci\u00f3n y fortalece el sistema inmunol\u00f3gico.<\/p>\n\n\n\n<p>45min\/45\u20ac<\/p>\n\n\n\n<p>60min\/65\u20ac<\/p>\n\n\n\n<p>90min\/85\u20ac<\/p>\n\n\n\n<p id=\"masajes-en-pareja\"><strong>Masajes y rituales en pareja o grupos<\/strong><\/p>\n\n\n\n<p>En Masajes Mashara Fuengirola hemos dise\u00f1ado rituales exclusivos de nuestra marca, que transforman cada masaje en una experiencia premium de cuidado pleno y bienestar. Nuestros rituales con t\u00e9cnicas combinadas fusionan lo mejor de las tradiciones orientales y occidentales, integrando conocimientos milenarios y t\u00e9cnicas modernas en una perfecta armon\u00eda que conecta cuerpo, mente y sentidos. Para m\u00e1s informaci\u00f3n presiona aqu\u00ed.<\/p>\n\n\n\n<p><strong>Masajes corporales para amigos(as) y parejas ritual duplex<\/strong><\/p>\n\n\n\n<p><strong>Conexi\u00f3n prana dual con aromaterapia<\/strong><\/p>\n\n\n\n<p>Un ritual que inicia con un masaje relajante con aromaterapia. Seguidamente disfrutar\u00e1n de una exfoliaci\u00f3n e hidrataci\u00f3n corporal con esencias, que les permitir\u00e1 consentir su piel mientras cuidan sus m\u00fasculos. El ritual contin\u00faa con una sesi\u00f3n tropical con hojas de Pandang, acompa\u00f1ado de un tentempi\u00e9, para crear una atm\u00f3sfera de intimidad y serenidad, brind\u00e1ndoles una experiencia \u00fanica de uni\u00f3n que los ayudar\u00e1 renovar su energ\u00eda y disfrutar de un momento diferente y m\u00e1gico como pareja.<\/p>\n\n\n\n<p>1h20min\/200\u20ac<\/p>\n\n\n\n<p><strong>Encuentro hakini dual<\/strong><\/p>\n\n\n\n<p>Un ritual sensorial que comienza con una sesi\u00f3n de sauna y ducha de contraste, preparando el cuerpo y la mente para una mutua relajaci\u00f3n. Con los ojos cubiertos y en un ambiente \u00edntimo, la experiencia fomenta una conexi\u00f3n profunda mediante suaves masajes guiados entre la pareja y esencias que despiertan los sentidos. Luego, disfrutar\u00e1n de un ritual de masaje profesional relajante y descontracturante que los guiar\u00e1n para lograr una conexi\u00f3n como pareja. Finaliza con una sesi\u00f3n de jacuzzi con p\u00e9talos y aromas florales, acompa\u00f1ado de un tentempi\u00e9, que les permitir\u00e1 disfrutar de un momento m\u00e1gico para fortalecer la relaci\u00f3n.<\/p>\n\n\n\n<p>1h30min\/240\u20ac<\/p>\n\n\n\n<p id=\"masajes-tantra\"><strong>Tantra para parejas \u2013 Nirvana essence<\/strong><\/p>\n\n\n\n<p>Masaje T\u00e1ntrico con dos especialistas, quienes realizan movimientos suaves, fluidos y conscientes para desarrollar y estimular los puntos er\u00f3genos del cuerpo, combinados con la respiraci\u00f3n guiada, que juntos logran activar una carga alta de est\u00edmulos sensoriales que ayudan a aumentar qu\u00edmicos naturales como la testosterona y dopamina en hombres y mujeres. La sesi\u00f3n incluye un masaje Lingam y 15min de relajaci\u00f3n en el sauna. NOTA: Ninguno de nuestros masajes tantra incluyen actos sexuales con las masajistas.<\/p>\n\n\n\n<p>1 hora\/360\u20ac<\/p>\n\n\n\n<p><strong>Tantra para parejas \u2013 Taller tantra<\/strong><\/p>\n\n\n\n<p>Masaje guiado para su mutuo descubrimiento \u00edntimo y privado.<\/p>\n\n\n\n<p>En esta sesi\u00f3n se ense\u00f1a a realizar los masajes sensuales y sensitivos en compa\u00f1\u00eda de un experto, quien los guiar\u00e1 para realizar correctamente el masaje t\u00e1ntrico original que los ayudar\u00e1 a despertar, desarrollar y sanar los puntos er\u00f3genos.<\/p>\n\n\n\n<p>NOTA: Ninguno de nuestros masajes tantra incluyen actos sexuales con las masajistas.<\/p>\n\n\n\n<p>1 hora\/210\u20ac<\/p>\n\n\n\n<p>\u00abEl contacto humano es el medio m\u00e1s profundo de conexi\u00f3n. A trav\u00e9s de un masaje, curamos no solo el cuerpo, sino el alma\u00bb. Thich Nhat Hanh, monje budista y activista de la paz, en su libro \u00abEl arte de la comunicaci\u00f3n\u00bb.<\/p>\n\n\n\n<p><strong>Rituales de masajes con t\u00e9cnicas combinadas<\/strong><\/p>\n\n\n\n<p><strong>Masajes sensitivos &#8211; Sutil hridaya<\/strong><\/p>\n\n\n\n<p>Este ritual de masaje invita a una relajaci\u00f3n profunda y una conexi\u00f3n \u00fanica, comenzando con un saludo sensorial que despierta suavemente los sentidos. A trav\u00e9s de t\u00e9cnicas que incluyen presiones, movimientos suaves y piedras calientes, el cuerpo y la mente se armonizan, liberando tensiones y elevando la energ\u00eda. La experiencia finaliza en el jacuzzi, donde un ambiente \u00edntimo y relajante, permite disfrutar de un momento de paz y bienestar.<\/p>\n\n\n\n<p>2 horas\/170\u20ac<\/p>\n\n\n\n<p><strong>Masajes sensitivos &#8211; Sensaciones dhyana<\/strong><\/p>\n\n\n\n<p>En un ambiente de aromas envolventes y a trav\u00e9s de toques sutiles y suaves con texturas, se estimula cada sensaci\u00f3n mientras se ofrecen peque\u00f1as degustaciones que preparan el cuerpo y mente para una relajaci\u00f3n profunda. Seguido de un masaje descontracturante para liberar tensiones, y masajes con toques sensoriales con aceite hidratante. La experiencia concluye con un masaje de reflexoterapia.<\/p>\n\n\n\n<p>1h25min\/150\u20ac<\/p>\n\n\n\n<p><strong>Masaje relajante &#8211; Namaste relax<\/strong><\/p>\n\n\n\n<p>En un entorno de calma y aromas revitalizantes, la experiencia comienza con una bienvenida que relaja el esp\u00edritu, seguida de un momento en el sauna que prepara el cuerpo para el descanso. A continuaci\u00f3n, se aplican masaje descontracturante que libera tensiones y se realiza exfoliaci\u00f3n natural para purificar la piel, junto con una hidrataci\u00f3n para aportar suavidad y equilibrio. Finalizando con un masaje craneal para la relajaci\u00f3n.<\/p>\n\n\n\n<p>1h45min\/130\u20ac<\/p>\n\n\n\n<p><strong>Masaje detox &#8211; Dulce armon\u00eda<\/strong><\/p>\n\n\n\n<p>Este ritual comienza con una sesi\u00f3n de sauna y ducha de contraste para preparar el cuerpo y relajar la mente. Seguido de un masaje con chocolate caliente que envuelve el cuerpo en aromas dulces, creando una sensaci\u00f3n profunda de bienestar. Tras dejar el chocolate en una envoltura especial, se realiza un masaje de reflexolog\u00eda podal para equilibrar y revitalizar. Luego, el chocolate se retira en la ducha antes de pasar al jacuzzi, donde se disfruta de un momento de paz con un tentempi\u00e9, completando as\u00ed esta experiencia \u00fanica de relajaci\u00f3n.<\/p>\n\n\n\n<p>1h45min\/150\u20ac<\/p>\n\n\n\n<p><strong>Masaje detox &#8211; Tempo ksepana 4 manos<\/strong><\/p>\n\n\n\n<p>Este ritual comienza con una sesi\u00f3n de sauna y ducha de contraste que invita a la relajaci\u00f3n, mientras se disfruta de un aperitivo ligero con infusi\u00f3n, pastas y frutos secos. Luego, el masaje relajante se realiza como una experiencia armoniosa, con envoltura de fango en el cuerpo, acompa\u00f1ada de reflexolog\u00eda y un masaje craneal que liberan tensiones y revitalizan. La experiencia culmina en un jacuzzi de espuma, donde se ofrece una copa de vino o cava, creando un momento perfecto para el descanso y la renovaci\u00f3n.<\/p>\n\n\n\n<p>1h25min\/200\u20ac<\/p>\n\n\n\n<p>\u00abCuando nuestras mentes descansan y nuestros cuerpos reciben un toque sanador, los verdaderos milagros ocurren\u00bb. Jack Kornfield, maestro de meditaci\u00f3n y autor de \u00abUn sendero con coraz\u00f3n\u00bb.<\/p>\n\n\n\n<p><strong>Masajes t\u00e1ntricos<\/strong><\/p>\n\n\n\n<p>Este masaje, realizado por una o dos masajistas, ofrece una experiencia transformadora en el \u00e1mbito f\u00edsico, emocional y espiritual, ideal para quienes buscan desarrollo personal, renovaci\u00f3n o sanaci\u00f3n en su vida \u00edntima.<\/p>\n\n\n\n<p><em>En el tantra, solo el 10% se enfoca en el desarrollo de la sexualidad, mientras que el 90% se dedica a mejorar el estilo de vida.<\/em><\/p>\n\n\n\n<p>Con nuestras sesiones de masaje tantra, te acompa\u00f1amos en el conocimiento profundo de tu propio cuerpo a trav\u00e9s de t\u00e9cnicas de relajaci\u00f3n y respiraci\u00f3n guiada que te permitir\u00e1n descubrir y desarrollar tus puntos er\u00f3genos, adem\u00e1s de cultivar el autocontrol de tu cuerpo, entendiendo que el cerebro es el principal \u00f3rgano sexual.<\/p>\n\n\n\n<p>Ven y disfruta de nuestros masajes tantra para experimentar una sexualidad plena desde la aceptaci\u00f3n y el amor propio, ya que en el tantra todos los cuerpos son perfectos.<\/p>\n\n\n\n<p><em>Para mayor informaci\u00f3n presiona aqu\u00ed. Por favor tenga en cuenta que ninguno de nuestros masajes tantra incluyen actos sexuales con las\/los masajistas.<\/em><\/p>\n\n\n\n<p><strong>Despierta tu ser \u00edntimo &#8211; Nirvana essence <\/strong><\/p>\n\n\n\n<p>Masaje con una especialista, quien realiza movimientos suaves, fluidos y conscientes para desarrollar y estimular los puntos er\u00f3genos del cuerpo, combinados con la respiraci\u00f3n guiada, que juntos logran activar una carga alta de est\u00edmulos sensoriales que ayudan a aumentar qu\u00edmicos naturales como la testosterona y dopamina en hombres y mujeres. La sesi\u00f3n incluye un masaje Lingam.<\/p>\n\n\n\n<p>NOTA: Ninguno de nuestros masajes tantra incluyen actos sexuales con las masajistas.<\/p>\n\n\n\n<p>45min\/100\u20ac<\/p>\n\n\n\n<p>60min+15min de relajaci\u00f3n en suana\/140\u20ac<\/p>\n\n\n\n<p><strong>Despierta tu ser \u00edntimo &#8211; Nirvana essence 4 manos<\/strong><\/p>\n\n\n\n<p>Masaje con dos especialistas, quien realizan movimientos suaves, fluidos y conscientes para desarrollar y estimular los puntos er\u00f3genos del cuerpo, combinados con la respiraci\u00f3n guiada, que juntos logran activar una carga alta de est\u00edmulos sensoriales que ayudan a aumentar qu\u00edmicos naturales como la testosterona y dopamina en hombres y mujeres. La sesi\u00f3n incluye un masaje Lingam y 15min de relajaci\u00f3n en el sauna.<\/p>\n\n\n\n<p>NOTA: Ninguno de nuestros masajes tantra incluyen actos sexuales con las masajistas.<\/p>\n\n\n\n<p>45min\/200\u20ac<\/p>\n\n\n\n<p>60min\/280\u20ac<\/p>\n\n\n\n<p><strong>Potenciatu sensualidad &#8211; Shanti bliss <\/strong><\/p>\n\n\n\n<p>Este masaje exclusivo, realizado por una especialista, combina movimientos suaves, fluidos y conscientes con t\u00e9cnicas avanzadas para desarrollar y estimular los puntos er\u00f3genos de tu cuerpo, elevando la experiencia de conexi\u00f3n \u00edntima a un nivel extra alto. La sesi\u00f3n incluye estimulaci\u00f3n prost\u00e1tica y dos masajes Lingam, dise\u00f1ados para intensificar la experiencia y promover el bienestar integral, aumentando naturalmente qu\u00edmicos como la testosterona y la dopamina en hombres y mujeres. La experiencia se complementa con una ducha o ba\u00f1o de espuma, sauna y ambientaci\u00f3n, brind\u00e1ndote una sensaci\u00f3n de disfrute a trav\u00e9s de los sentidos y relajaci\u00f3n plena.<\/p>\n\n\n\n<p>NOTA: Ninguno de nuestros masajes tantra incluyen actos sexuales con las masajistas.<\/p>\n\n\n\n<p>60min\/200\u20ac<\/p>\n\n\n\n<p><strong>Potencia tu sensualidad &#8211; Shanti bliss 4 manos<\/strong><\/p>\n\n\n\n<p>Este masaje exclusivo, realizado por dos especialistas, combinan movimientos suaves, fluidos y conscientes con t\u00e9cnicas avanzadas para desarrollar y estimular los puntos er\u00f3genos de tu cuerpo, elevando la experiencia de conexi\u00f3n \u00edntima a un nivel extra alto. La sesi\u00f3n incluye estimulaci\u00f3n prost\u00e1tica y dos masajes Lingam, dise\u00f1ados para intensificar la experiencia y promover el bienestar integral, aumentando naturalmente qu\u00edmicos como la testosterona y la dopamina en hombres y mujeres. La experiencia se complementa con una ducha o ba\u00f1o de espuma, sauna y ambientaci\u00f3n, brind\u00e1ndote una sensaci\u00f3n de disfrute a trav\u00e9s de los sentidos y relajaci\u00f3n plena. NOTA: Ninguno de nuestros masajes tantra incluyen actos sexuales con las masajistas.<\/p>\n\n\n\n<p>60min\/400\u20ac<\/p>\n\n\n\n<p><strong>Descubre tu energ\u00eda &#8211; Amani zen <\/strong><\/p>\n\n\n\n<p>Experimenta un masaje tantra de alta intensidad, realizado por una especialista que aplica movimientos fluidos y t\u00e9cnicas especializadas para activar tus puntos er\u00f3genos, elevando la experiencia de conexi\u00f3n \u00edntima a un nivel extra alto.<\/p>\n\n\n\n<p>La sesi\u00f3n incluye un masaje Lingam, pensado para elevar el bienestar natural mediante la estimulaci\u00f3n de qu\u00edmicos del cuerpo como la testosterona y la dopamina.<\/p>\n\n\n\n<p>La experiencia se complementa con una ducha er\u00f3tica y una sesi\u00f3n en sauna, creando un espacio de relajaci\u00f3n profunda y conexi\u00f3n contigo mismo.<\/p>\n\n\n\n<p>NOTA: Ninguno de nuestros masajes tantra incluyen actos sexuales con las masajistas.<\/p>\n\n\n\n<p>45min\/140\u20ac<\/p>\n\n\n\n<p>60min\/170\u20ac<\/p>\n\n\n\n<p><strong>Descubre tu energ\u00eda &#8211; Amani zen 4 manos<\/strong><\/p>\n\n\n\n<p>Experimenta un masaje tantra de alta intensidad, realizado por dos especialistas que aplican movimientos fluidos y t\u00e9cnicas especializadas para activar tus puntos er\u00f3genos, elevando la experiencia de conexi\u00f3n \u00edntima a un nivel extra alto.<\/p>\n\n\n\n<p>La sesi\u00f3n incluye un masaje Lingam, pensado para elevar el bienestar natural mediante la estimulaci\u00f3n de qu\u00edmicos del cuerpo como la testosterona y la dopamina.<\/p>\n\n\n\n<p>La experiencia se complementa con una ducha er\u00f3tica y una sesi\u00f3n en sauna, creando un espacio de relajaci\u00f3n profunda y conexi\u00f3n contigo mismo.<\/p>\n\n\n\n<p>NOTA: Ninguno de nuestros masajes tantra incluyen actos sexuales con las masajistas.<\/p>\n\n\n\n<p>45min\/280\u20ac<\/p>\n\n\n\n<p>60min\/340\u20ac<\/p>\n\n\n\n<p>\u00abEl tantra ense\u00f1a a vivir la vida en su totalidad, a ver la divinidad en lo cotidiano y a encontrar paz en lo presente\u00bb. Osho, en Tantra, la suprema comprensi\u00f3n.<\/p>\n\n\n\n<p id=\"servicios-adicionales\"><strong>Servicios adicionales<\/strong><\/p>\n\n\n\n<p><strong>SPA privado<\/strong><\/p>\n\n\n\n<p>Un espacio privado para uso individual o en pareja que estar\u00e1 habilitado con sauna y jacuzzi para su disfrute por 60 minutos.<\/p>\n\n\n\n<p>60min\/85\u20ac<\/p>\n\n\n\n<p>90min\/100\u20ac<\/p>\n\n\n\n<p><strong>Masajes para eventos<\/strong><\/p>\n\n\n\n<p>Servicios de masajes para eventos, cumplea\u00f1os, celebraciones y festejos. Para empresas o eventos privados con amigos y familia.<\/p>\n\n\n\n<p><em>Solicitar precios<\/em><\/p>\n\n\n\n<p><strong>Masajes a Domicilio<\/strong><\/p>\n\n\n\n<p>Ofrecemos servicios a domicilio para masajes relajantes, terap\u00e9uticos. No se incluye para rituales de masajes. Tantra solicitar disponibilidad.<\/p>\n\n\n\n<p><em>Solicitar precios<\/em><\/p>","protected":false},"excerpt":{"rendered":"<p>Conoce los rituales de masajes que hemos dise\u00f1ado para ti con t\u00e9cnicas profesionales enfocadas para tu bienestar integral. En Masajes Mashara Fuengirola, cada masaje est\u00e1 dise\u00f1ado para ofrecer una experiencia de bienestar integral que abarca cuerpo, mente y esp\u00edritu. Nuestra carta de masajes incluye tratamientos que no solo trabajan a nivel f\u00edsico, liberando tensiones en [&hellip;]<\/p>\n","protected":false},"author":1,"featured_media":0,"parent":0,"menu_order":0,"comment_status":"closed","ping_status":"closed","template":"","meta":{"footnotes":""},"class_list":["post-3655","page","type-page","status-publish","hentry"],"yoast_head":"<!-- This site is optimized with the Yoast SEO plugin v27.4 - https:\/\/yoast.com\/product\/yoast-seo-wordpress\/ -->\n<title>Carta de masajes - Mashara Fuengirola<\/title>\n<meta name=\"robots\" content=\"index, follow, max-snippet:-1, max-image-preview:large, max-video-preview:-1\" \/>\n<link rel=\"canonical\" href=\"https:\/\/masajesfuengirola.com\/en\/carta-de-masajes\/\" \/>\n<meta property=\"og:locale\" content=\"en_GB\" \/>\n<meta property=\"og:type\" content=\"article\" \/>\n<meta property=\"og:title\" content=\"Carta de masajes - Mashara Fuengirola\" \/>\n<meta property=\"og:description\" content=\"Conoce los rituales de masajes que hemos dise\u00f1ado para ti con t\u00e9cnicas profesionales enfocadas para tu bienestar integral. En Masajes Mashara Fuengirola, cada masaje est\u00e1 dise\u00f1ado para ofrecer una experiencia de bienestar integral que abarca cuerpo, mente y esp\u00edritu. Nuestra carta de masajes incluye tratamientos que no solo trabajan a nivel f\u00edsico, liberando tensiones en [&hellip;]\" \/>\n<meta property=\"og:url\" content=\"https:\/\/masajesfuengirola.com\/en\/carta-de-masajes\/\" \/>\n<meta property=\"og:site_name\" content=\"Mashara Fuengirola\" \/>\n<meta property=\"article:publisher\" content=\"https:\/\/www.facebook.com\/people\/Masajes-Mashara-Fuengirola\/61565101087899\/\" \/>\n<meta property=\"article:modified_time\" content=\"2025-08-07T17:47:40+00:00\" \/>\n<meta name=\"twitter:card\" content=\"summary_large_image\" \/>\n<meta name=\"twitter:label1\" content=\"Estimated reading time\" \/>\n\t<meta name=\"twitter:data1\" content=\"10 minutes\" \/>\n<script type=\"application\/ld+json\" class=\"yoast-schema-graph\">{\"@context\":\"https:\\\/\\\/schema.org\",\"@graph\":[{\"@type\":\"WebPage\",\"@id\":\"https:\\\/\\\/masajesfuengirola.com\\\/carta-de-masajes\\\/\",\"url\":\"https:\\\/\\\/masajesfuengirola.com\\\/carta-de-masajes\\\/\",\"name\":\"Carta de masajes - Mashara Fuengirola\",\"isPartOf\":{\"@id\":\"https:\\\/\\\/masajesfuengirola.com\\\/#website\"},\"datePublished\":\"2025-06-15T15:18:05+00:00\",\"dateModified\":\"2025-08-07T17:47:40+00:00\",\"breadcrumb\":{\"@id\":\"https:\\\/\\\/masajesfuengirola.com\\\/carta-de-masajes\\\/#breadcrumb\"},\"inLanguage\":\"en-GB\",\"potentialAction\":[{\"@type\":\"ReadAction\",\"target\":[\"https:\\\/\\\/masajesfuengirola.com\\\/carta-de-masajes\\\/\"]}]},{\"@type\":\"BreadcrumbList\",\"@id\":\"https:\\\/\\\/masajesfuengirola.com\\\/carta-de-masajes\\\/#breadcrumb\",\"itemListElement\":[{\"@type\":\"ListItem\",\"position\":1,\"name\":\"Portada\",\"item\":\"https:\\\/\\\/masajesfuengirola.com\\\/\"},{\"@type\":\"ListItem\",\"position\":2,\"name\":\"Carta de masajes\"}]},{\"@type\":\"WebSite\",\"@id\":\"https:\\\/\\\/masajesfuengirola.com\\\/#website\",\"url\":\"https:\\\/\\\/masajesfuengirola.com\\\/\",\"name\":\"Mashara Fuengirola\",\"description\":\"Centro de masajes con SPA privado, ideal para renovar tu esencia\",\"publisher\":{\"@id\":\"https:\\\/\\\/masajesfuengirola.com\\\/#organization\"},\"potentialAction\":[{\"@type\":\"SearchAction\",\"target\":{\"@type\":\"EntryPoint\",\"urlTemplate\":\"https:\\\/\\\/masajesfuengirola.com\\\/?s={search_term_string}\"},\"query-input\":{\"@type\":\"PropertyValueSpecification\",\"valueRequired\":true,\"valueName\":\"search_term_string\"}}],\"inLanguage\":\"en-GB\"},{\"@type\":\"Organization\",\"@id\":\"https:\\\/\\\/masajesfuengirola.com\\\/#organization\",\"name\":\"Mashara Fuengirola\",\"url\":\"https:\\\/\\\/masajesfuengirola.com\\\/\",\"logo\":{\"@type\":\"ImageObject\",\"inLanguage\":\"en-GB\",\"@id\":\"https:\\\/\\\/masajesfuengirola.com\\\/#\\\/schema\\\/logo\\\/image\\\/\",\"url\":\"https:\\\/\\\/masajesfuengirola.com\\\/wp-content\\\/uploads\\\/2025\\\/06\\\/logo-reescalado.png\",\"contentUrl\":\"https:\\\/\\\/masajesfuengirola.com\\\/wp-content\\\/uploads\\\/2025\\\/06\\\/logo-reescalado.png\",\"width\":50,\"height\":50,\"caption\":\"Mashara Fuengirola\"},\"image\":{\"@id\":\"https:\\\/\\\/masajesfuengirola.com\\\/#\\\/schema\\\/logo\\\/image\\\/\"},\"sameAs\":[\"https:\\\/\\\/www.facebook.com\\\/people\\\/Masajes-Mashara-Fuengirola\\\/61565101087899\\\/\"]}]}<\/script>\n<!-- \/ Yoast SEO plugin. -->","yoast_head_json":{"title":"Carta de masajes - Mashara Fuengirola","robots":{"index":"index","follow":"follow","max-snippet":"max-snippet:-1","max-image-preview":"max-image-preview:large","max-video-preview":"max-video-preview:-1"},"canonical":"https:\/\/masajesfuengirola.com\/en\/carta-de-masajes\/","og_locale":"en_GB","og_type":"article","og_title":"Carta de masajes - Mashara Fuengirola","og_description":"Conoce los rituales de masajes que hemos dise\u00f1ado para ti con t\u00e9cnicas profesionales enfocadas para tu bienestar integral. En Masajes Mashara Fuengirola, cada masaje est\u00e1 dise\u00f1ado para ofrecer una experiencia de bienestar integral que abarca cuerpo, mente y esp\u00edritu. Nuestra carta de masajes incluye tratamientos que no solo trabajan a nivel f\u00edsico, liberando tensiones en [&hellip;]","og_url":"https:\/\/masajesfuengirola.com\/en\/carta-de-masajes\/","og_site_name":"Mashara Fuengirola","article_publisher":"https:\/\/www.facebook.com\/people\/Masajes-Mashara-Fuengirola\/61565101087899\/","article_modified_time":"2025-08-07T17:47:40+00:00","twitter_card":"summary_large_image","twitter_misc":{"Estimated reading time":"10 minutes"},"schema":{"@context":"https:\/\/schema.org","@graph":[{"@type":"WebPage","@id":"https:\/\/masajesfuengirola.com\/carta-de-masajes\/","url":"https:\/\/masajesfuengirola.com\/carta-de-masajes\/","name":"Carta de masajes - Mashara Fuengirola","isPartOf":{"@id":"https:\/\/masajesfuengirola.com\/#website"},"datePublished":"2025-06-15T15:18:05+00:00","dateModified":"2025-08-07T17:47:40+00:00","breadcrumb":{"@id":"https:\/\/masajesfuengirola.com\/carta-de-masajes\/#breadcrumb"},"inLanguage":"en-GB","potentialAction":[{"@type":"ReadAction","target":["https:\/\/masajesfuengirola.com\/carta-de-masajes\/"]}]},{"@type":"BreadcrumbList","@id":"https:\/\/masajesfuengirola.com\/carta-de-masajes\/#breadcrumb","itemListElement":[{"@type":"ListItem","position":1,"name":"Portada","item":"https:\/\/masajesfuengirola.com\/"},{"@type":"ListItem","position":2,"name":"Carta de masajes"}]},{"@type":"WebSite","@id":"https:\/\/masajesfuengirola.com\/#website","url":"https:\/\/masajesfuengirola.com\/","name":"Mashara Fuengirola","description":"Massage centre with private SPA, ideal for renewing your essence.","publisher":{"@id":"https:\/\/masajesfuengirola.com\/#organization"},"potentialAction":[{"@type":"SearchAction","target":{"@type":"EntryPoint","urlTemplate":"https:\/\/masajesfuengirola.com\/?s={search_term_string}"},"query-input":{"@type":"PropertyValueSpecification","valueRequired":true,"valueName":"search_term_string"}}],"inLanguage":"en-GB"},{"@type":"Organization","@id":"https:\/\/masajesfuengirola.com\/#organization","name":"Mashara Fuengirola","url":"https:\/\/masajesfuengirola.com\/","logo":{"@type":"ImageObject","inLanguage":"en-GB","@id":"https:\/\/masajesfuengirola.com\/#\/schema\/logo\/image\/","url":"https:\/\/masajesfuengirola.com\/wp-content\/uploads\/2025\/06\/logo-reescalado.png","contentUrl":"https:\/\/masajesfuengirola.com\/wp-content\/uploads\/2025\/06\/logo-reescalado.png","width":50,"height":50,"caption":"Mashara Fuengirola"},"image":{"@id":"https:\/\/masajesfuengirola.com\/#\/schema\/logo\/image\/"},"sameAs":["https:\/\/www.facebook.com\/people\/Masajes-Mashara-Fuengirola\/61565101087899\/"]}]}},"_links":{"self":[{"href":"https:\/\/masajesfuengirola.com\/en\/wp-json\/wp\/v2\/pages\/3655","targetHints":{"allow":["GET"]}}],"collection":[{"href":"https:\/\/masajesfuengirola.com\/en\/wp-json\/wp\/v2\/pages"}],"about":[{"href":"https:\/\/masajesfuengirola.com\/en\/wp-json\/wp\/v2\/types\/page"}],"author":[{"embeddable":true,"href":"https:\/\/masajesfuengirola.com\/en\/wp-json\/wp\/v2\/users\/1"}],"replies":[{"embeddable":true,"href":"https:\/\/masajesfuengirola.com\/en\/wp-json\/wp\/v2\/comments?post=3655"}],"version-history":[{"count":4,"href":"https:\/\/masajesfuengirola.com\/en\/wp-json\/wp\/v2\/pages\/3655\/revisions"}],"predecessor-version":[{"id":3727,"href":"https:\/\/masajesfuengirola.com\/en\/wp-json\/wp\/v2\/pages\/3655\/revisions\/3727"}],"wp:attachment":[{"href":"https:\/\/masajesfuengirola.com\/en\/wp-json\/wp\/v2\/media?parent=3655"}],"curies":[{"name":"wp","href":"https:\/\/api.w.org\/{rel}","templated":true}]}}