{"id":3623,"date":"2025-06-15T10:43:10","date_gmt":"2025-06-15T10:43:10","guid":{"rendered":"https:\/\/masajesfuengirola.com\/?page_id=3623"},"modified":"2025-09-15T16:35:06","modified_gmt":"2025-09-15T16:35:06","slug":"masajes-y-rituales-en-pareja-o-grupos","status":"publish","type":"page","link":"https:\/\/masajesfuengirola.com\/en\/masajes-y-rituales-en-pareja-o-grupos\/","title":{"rendered":"Masajes y rituales en pareja o grupos"},"content":{"rendered":"<p>Rituales de Masajes con t\u00e9cnicas combinadas que integran los conocimientos y bondades de las t\u00e9cnicas occidentales y orientales para el cuidado del cuerpo y la mente.<\/p>\n\n\n\n<figure class=\"wp-block-video\"><video height=\"1080\" style=\"aspect-ratio: 2048 \/ 1080;\" width=\"2048\" controls src=\"https:\/\/masajesfuengirola.com\/wp-content\/uploads\/2025\/06\/ritualmasajesparejas-1.mp4\"><\/video><\/figure>\n\n\n\n<p>En Masajes Mashara Fuengirola hemos dise\u00f1ado rituales exclusivos de nuestra marca, que transforman cada masaje en una experiencia premium de cuidado pleno y bienestar. Nuestros rituales con t\u00e9cnicas combinadas fusionan lo mejor de las tradiciones orientales y occidentales, integrando conocimientos milenarios y t\u00e9cnicas modernas en una perfecta armon\u00eda que conecta cuerpo, mente y sentidos.<\/p>\n\n\n\n<p>Cada ritual est\u00e1 cuidadosamente concebido para adaptarse a las necesidades individuales, utilizando aromas envolventes, movimientos precisos y maniobras personalizadas que liberan tensiones, revitalizan la energ\u00eda y fomentan una conexi\u00f3n interior m\u00e1s profunda. Desde t\u00e9cnicas relajantes que disipan el estr\u00e9s hasta masajes especializados que alivian tensiones musculares, cada experiencia est\u00e1 dise\u00f1ada para ofrecer un bienestar integral y transformador.<\/p>\n\n\n\n<p>Estos rituales exclusivos no solo combinan la riqueza de diferentes tradiciones, sino que tambi\u00e9n reflejan nuestro compromiso de convertir cada sesi\u00f3n en una vivencia significativa y enriquecedora, que llevan el cuidado personal a un nivel superior, ofreci\u00e9ndote momentos de serenidad, conexi\u00f3n y transformaci\u00f3n en un entorno exclusivo y privado para tu comodidad y tranquilidad.<\/p>\n\n\n\n<p><strong>Conexi\u00f3n Prana Dual con Aromaterapia<\/strong><\/p>\n\n\n\n<p>Revitaliza tu cuerpo<\/p>\n\n\n\n<p>Un ritual que inicia con un masaje relajante con aromaterapia. Seguidamente disfrutar\u00e1n de una exfoliaci\u00f3n e hidrataci\u00f3n corporal con esencias, que les permitir\u00e1 consentir su piel mientras cuidan sus m\u00fasculos. El ritual contin\u00faa con una sesi\u00f3n tropical en el Jacuzzi con hojas de Pandang, acompa\u00f1ado de un tentempi\u00e9, para crear una atm\u00f3sfera de intimidad y serenidad, brind\u00e1ndoles una experiencia \u00fanica de uni\u00f3n que los ayudar\u00e1 renovar su energ\u00eda y disfrutar de un momento diferente y m\u00e1gico como pareja.<\/p>\n\n\n\n<p>Celebra el arte de la relajaci\u00f3n y el amor compartido con el Ritual Conexi\u00f3n Prana Dual, una experiencia dise\u00f1ada para parejas que desean disfrutar de un momento \u00fanico de lujo y bienestar. Durante 1 hora y 20 minutos, te transportaremos a un oasis de calma y sofisticaci\u00f3n.<\/p>\n\n\n\n<p>Comenzamos con un masaje de aromaterapia o un masaje Tailand\u00e9s en pareja, donde se trabaja el cuerpo en perfecta armon\u00eda con el tipo de masaje seleccionado para revitalizar cuerpo. A continuaci\u00f3n, una exfoliaci\u00f3n con delicadas sales del Himalaya elimina impurezas y rejuvenece la piel, dej\u00e1ndola tersa y luminosa. Este momento culmina con la aplicaci\u00f3n de una loci\u00f3n hidratante premium que envuelve el cuerpo en una suavidad exquisita.<\/p>\n\n\n\n<p>El cl\u00edmax de esta experiencia tiene lugar en un jacuzzi tropical privado, donde el agua c\u00e1lida y relajante crea el escenario ideal para disfrutar de una copa de cava o vino, acompa\u00f1ada de bombones finamente seleccionados.<\/p>\n\n\n\n<p>El Ritual Conexi\u00f3n Prana Dual no es solo una experiencia; es un homenaje al lujo, la intimidad y la conexi\u00f3n compartida en un entorno verdaderamente exclusivo.<\/p>\n\n\n\n<p>\u00a1Masajes Cuerpo Completo, ayudan a mejorar la circulaci\u00f3n sangu\u00ednea, reducir inflamaciones y aliviar el dolor cr\u00f3nico!<\/p>\n\n\n\n<p><strong>Encuentro Hakini Dual<\/strong><\/p>\n\n\n\n<p>Explora tus sentidos<\/p>\n\n\n\n<p>Un ritual sensorial que comienza con una sesi\u00f3n de sauna y ducha de contraste, preparando el cuerpo y la mente para una mutua relajaci\u00f3n. Con los ojos cubiertos y en un ambiente \u00edntimo, la experiencia fomenta una conexi\u00f3n profunda mediante suaves masajes guiados entre la pareja y esencias que despiertan los sentidos. Luego, disfrutar\u00e1n de un ritual de masaje profesional de aromater\u00e1pia que los guiar\u00e1n para lograr una conexi\u00f3n relajante como pareja. Finaliza con una sesi\u00f3n de jacuzzi con p\u00e9talos y aromas florales, acompa\u00f1ado de un tentempi\u00e9, que les permitir\u00e1 disfrutar de un momento m\u00e1gico para fortalecer la relaci\u00f3n.<\/p>\n\n\n\n<p>Descubre una experiencia inolvidable dise\u00f1ada para parejas que desean explorar una conexi\u00f3n profunda a trav\u00e9s del bienestar y la relajaci\u00f3n en su forma m\u00e1s sublime. Durante esta sesi\u00f3n de lujo, con una duraci\u00f3n de 1 hora y 30 minutos, despertar\u00e1s cada sentido en un entorno privado y cuidadosamente preparado para la ocasi\u00f3n.<\/p>\n\n\n\n<p>El ritual comienza en nuestra sauna privada, seguida de una ducha de contraste para revitalizar el cuerpo. Con los ojos vendados durante toda la experiencia, potenciar\u00e1s el resto de tus sentidos mientras te envuelves en un ambiente arom\u00e1tico con inciensos y aceites esenciales aplicados por manos expertas.<\/p>\n\n\n\n<p>Sorprende tu paladar con una exquisita degustaci\u00f3n de sabores: fruta seca, chocolates, gominolas y los toques c\u00edtricos de la naranja amarga. A esto se suma un masaje descontracturante en zonas localizadas, seguido de un masaje relajante con plumas que alivia tensiones y armoniza el cuerpo. Tambi\u00e9n aplicamos cremas terap\u00e9uticas para tratar contracturas y ofrecemos una hidrataci\u00f3n completa para cuidar la piel.<\/p>\n\n\n\n<p>La experiencia culmina en un jacuzzi privado adornado con p\u00e9talos de rosas y aromas florales, donde podr\u00e1s disfrutar con tu pareja de una copa de cava o vino, acompa\u00f1ada de bombones y gominolas ba\u00f1adas en chocolate. Este momento \u00fanico est\u00e1 dise\u00f1ado para celebrar el amor y la intimidad en un ambiente de lujo absoluto.<\/p>\n\n\n\n<p>El Ritual Encuentro Hakini Dual es m\u00e1s que un tratamiento; es un viaje compartido hacia el bienestar total y la conexi\u00f3n m\u00e1s pura, en un entorno exclusivo que recordar\u00e1s para siempre.<\/p>\n\n\n\n<figure class=\"wp-block-video\"><video height=\"2160\" style=\"aspect-ratio: 4096 \/ 2160;\" width=\"4096\" controls src=\"https:\/\/masajesfuengirola.com\/wp-content\/uploads\/2025\/06\/asian-woman-in-bathrobe-doing-body-treatment-in-sa-2023-12-11-22-07-46-utc-1.mp4\"><\/video><\/figure>\n\n\n\n\n<p><strong>Nirvana Essence<\/strong><\/p>\n\n\n\n<p>Un Viaje Hacia la Plenitud y el Despertar Sensual<\/p>\n\n\n\n<p>Masaje con dos especialistas, quienes realizan movimientos suaves, fluidos y conscientes para desarrollar y estimular los puntos er\u00f3genos del cuerpo, combinados con la respiraci\u00f3n guiada, que juntos logran activar una carga alta de est\u00edmulos sensoriales que ayudan a aumentar qu\u00edmicos naturales como la testosterona y dopamina en hombres y mujeres. La sesi\u00f3n incluye un masaje Lingam y 15min de relajaci\u00f3n en el sauna. NOTA: Ninguno de nuestros masajes tantra incluyen actos sexuales con las masajistas.<\/p>\n\n\n\n<p>En Masajes Mashara Fuengirola, Nirvana Essence es m\u00e1s que un masaje, es una experiencia transformadora que conecta cuerpo, mente y esp\u00edritu. Inspirados en las ense\u00f1anzas del tantra tradicional, esta sesi\u00f3n est\u00e1 dise\u00f1ada para liberar tensiones profundas y reconectarte con tu esencia m\u00e1s aut\u00e9ntica, llev\u00e1ndote a un estado de bienestar total.<\/p>\n\n\n\n<p>El masaje respeta plenamente tus l\u00edmites y preferencias, garantizando un entorno de confianza y profesionalidad. Durante la sesi\u00f3n, puedes elegir c\u00f3mo te sientes m\u00e1s c\u00f3modo\/a, asegurando que cada momento est\u00e9 orientado a tu relajaci\u00f3n y comodidad.<\/p>\n\n\n\n<p>Mediante movimientos conscientes y t\u00e9cnicas espec\u00edficas, el terapeuta te gu\u00eda hacia una conexi\u00f3n m\u00e1s profunda contigo mismo, disolviendo bloqueos y despertando una sensaci\u00f3n de calma plena. Cada toque busca ayudarte a liberar tensiones acumuladas y a redescubrir la conexi\u00f3n con tu interior.<\/p>\n\n\n\n<p>Nirvana Essence es una experiencia integral dise\u00f1ada para despertar tu energ\u00eda y ayudarte a reconectar con la versi\u00f3n m\u00e1s aut\u00e9ntica de ti mismo, en un ambiente cuidado que promueve el equilibrio y el bienestar.<\/p>\n\n\n\n<figure class=\"wp-block-video\"><video height=\"720\" style=\"aspect-ratio: 1280 \/ 720;\" width=\"1280\" controls src=\"https:\/\/masajesfuengirola.com\/wp-content\/uploads\/2025\/06\/17499831-hd_1280_720_24fps-1.mp4\"><\/video><\/figure>\n\n\n\n<p><strong>Taller Tantra para Parejas<\/strong><\/p>\n\n\n\n<p>Explora tus sentidos<\/p>\n\n\n\n<p>Masaje guiado para su mutuo descubrimiento \u00edntimo y privado.<\/p>\n\n\n\n<p>En esta sesi\u00f3n se ense\u00f1a a realizar los masajes sensuales y sensitivos en compa\u00f1\u00eda de un experto, quien los guiar\u00e1 para realizar correctamente el masaje t\u00e1ntrico original que los ayudar\u00e1 a despertar, desarrollar y sanar los puntos er\u00f3genos.<\/p>\n\n\n\n<p>NOTA: Ninguno de nuestros masajes tantra incluyen actos sexuales con las masajistas.<\/p>\n\n\n\n<figure class=\"wp-block-video\"><video height=\"3840\" style=\"aspect-ratio: 2160 \/ 3840;\" width=\"2160\" controls src=\"https:\/\/masajesfuengirola.com\/wp-content\/uploads\/2025\/06\/serene-client-enjoying-relaxing-massage-2024-01-23-00-09-25-utc-1.mp4\"><\/video><\/figure>\n\n\n\n<p>El Taller Tantra para Parejas es un espacio \u00fanico dedicado a redescubrirse mutuamente, fortalecer la conexi\u00f3n y abrir nuevas puertas en la relaci\u00f3n. Durante esta sesi\u00f3n de una hora, guiada por un terapeuta experto, cada pareja vive una experiencia personalizada, dise\u00f1ada para romper con la monoton\u00eda y fomentar una comunicaci\u00f3n m\u00e1s profunda y aut\u00e9ntica a trav\u00e9s del cuerpo y la energ\u00eda.<\/p>\n\n\n\n<p>M\u00e1s que un simple taller, esta experiencia se convierte en una terapia para el bienestar de la relaci\u00f3n, donde la pareja aprende a escuchar sus necesidades mutuas de forma nueva e \u00edntima. El enfoque es flexible, adapt\u00e1ndose a lo que cada pareja busca:<\/p>\n\n\n\n<p>Aprender el arte del masaje tantra, descubriendo c\u00f3mo el tacto consciente y la energ\u00eda pueden transformar la relaci\u00f3n.<\/p>\n\n\n\n<p>Conocer y explorar mejor el cuerpo del otro , despertando una nueva sensibilidad y fortaleciendo la confianza mutua.<\/p>\n\n\n\n<p>Observar y experimentar la reacci\u00f3n del cuerpo de la pareja mientras recibe el masaje del terapeuta, una experiencia reveladora que permite comprender desde una perspectiva diferente las emociones y sensaciones compartidas.<\/p>\n\n\n\n<p>Este taller es un viaje hacia la conexi\u00f3n y el autoconocimiento como pareja, un espacio para salir de la rutina, experimentar algo diferente y revitalizar el v\u00ednculo. Al igual que una sesi\u00f3n con un psic\u00f3logo o sex\u00f3logo para parejas, el Taller Tantra para Parejas crea una oportunidad para abrirse emocionalmente, sanar bloqueos y descubrir nuevas formas de comunicaci\u00f3n.<\/p>\n\n\n\n<p>Cada momento est\u00e1 guiado con sensibilidad, respeto y cuidado, asegurando que cada pareja viva la experiencia de manera aut\u00e9ntica y enriquecedora, siempre enfocada en el crecimiento mutuo y la expansi\u00f3n de la conexi\u00f3n compartida.<\/p>\n\n\n\n<figure class=\"wp-block-video\"><video height=\"1920\" style=\"aspect-ratio: 1080 \/ 1920;\" width=\"1080\" controls src=\"https:\/\/masajesfuengirola.com\/wp-content\/uploads\/2025\/06\/6186727-hd_1080_1920_25fps-1-1-1.mp4\"><\/video><\/figure>\n\n<p><a href=\"https:\/\/masajesfuengirola.com\/en\/carta-de-masajes\/#masajes-en-pareja\">Nuestra carta de masajes<\/a><\/p>","protected":false},"excerpt":{"rendered":"<p>Rituales de Masajes con t\u00e9cnicas combinadas que integran los conocimientos y bondades de las t\u00e9cnicas occidentales y orientales para el cuidado del cuerpo y la mente. En Masajes Mashara Fuengirola hemos dise\u00f1ado rituales exclusivos de nuestra marca, que transforman cada masaje en una experiencia premium de cuidado pleno y bienestar. Nuestros rituales con t\u00e9cnicas combinadas [&hellip;]<\/p>\n","protected":false},"author":1,"featured_media":0,"parent":0,"menu_order":0,"comment_status":"closed","ping_status":"closed","template":"","meta":{"footnotes":""},"class_list":["post-3623","page","type-page","status-publish","hentry"],"yoast_head":"<!-- This site is optimized with the Yoast SEO plugin v27.5 - https:\/\/yoast.com\/product\/yoast-seo-wordpress\/ -->\n<title>Masajes y rituales en pareja o grupos - Mashara Fuengirola<\/title>\n<meta name=\"robots\" content=\"index, follow, max-snippet:-1, max-image-preview:large, max-video-preview:-1\" \/>\n<link rel=\"canonical\" href=\"https:\/\/masajesfuengirola.com\/en\/masajes-y-rituales-en-pareja-o-grupos\/\" \/>\n<meta property=\"og:locale\" content=\"en_GB\" \/>\n<meta property=\"og:type\" content=\"article\" \/>\n<meta property=\"og:title\" content=\"Masajes y rituales en pareja o grupos - Mashara Fuengirola\" \/>\n<meta property=\"og:description\" content=\"Rituales de Masajes con t\u00e9cnicas combinadas que integran los conocimientos y bondades de las t\u00e9cnicas occidentales y orientales para el cuidado del cuerpo y la mente. En Masajes Mashara Fuengirola hemos dise\u00f1ado rituales exclusivos de nuestra marca, que transforman cada masaje en una experiencia premium de cuidado pleno y bienestar. Nuestros rituales con t\u00e9cnicas combinadas [&hellip;]\" \/>\n<meta property=\"og:url\" content=\"https:\/\/masajesfuengirola.com\/en\/masajes-y-rituales-en-pareja-o-grupos\/\" \/>\n<meta property=\"og:site_name\" content=\"Mashara Fuengirola\" \/>\n<meta property=\"article:publisher\" content=\"https:\/\/www.facebook.com\/people\/Masajes-Mashara-Fuengirola\/61565101087899\/\" \/>\n<meta property=\"article:modified_time\" content=\"2025-09-15T16:35:06+00:00\" \/>\n<meta name=\"twitter:card\" content=\"summary_large_image\" \/>\n<meta name=\"twitter:label1\" content=\"Estimated reading time\" \/>\n\t<meta name=\"twitter:data1\" content=\"7 minutes\" \/>\n<script type=\"application\/ld+json\" class=\"yoast-schema-graph\">{\"@context\":\"https:\\\/\\\/schema.org\",\"@graph\":[{\"@type\":\"WebPage\",\"@id\":\"https:\\\/\\\/masajesfuengirola.com\\\/masajes-y-rituales-en-pareja-o-grupos\\\/\",\"url\":\"https:\\\/\\\/masajesfuengirola.com\\\/masajes-y-rituales-en-pareja-o-grupos\\\/\",\"name\":\"Masajes y rituales en pareja o grupos - Mashara Fuengirola\",\"isPartOf\":{\"@id\":\"https:\\\/\\\/masajesfuengirola.com\\\/#website\"},\"datePublished\":\"2025-06-15T10:43:10+00:00\",\"dateModified\":\"2025-09-15T16:35:06+00:00\",\"breadcrumb\":{\"@id\":\"https:\\\/\\\/masajesfuengirola.com\\\/masajes-y-rituales-en-pareja-o-grupos\\\/#breadcrumb\"},\"inLanguage\":\"en-GB\",\"potentialAction\":[{\"@type\":\"ReadAction\",\"target\":[\"https:\\\/\\\/masajesfuengirola.com\\\/masajes-y-rituales-en-pareja-o-grupos\\\/\"]}]},{\"@type\":\"BreadcrumbList\",\"@id\":\"https:\\\/\\\/masajesfuengirola.com\\\/masajes-y-rituales-en-pareja-o-grupos\\\/#breadcrumb\",\"itemListElement\":[{\"@type\":\"ListItem\",\"position\":1,\"name\":\"Portada\",\"item\":\"https:\\\/\\\/masajesfuengirola.com\\\/\"},{\"@type\":\"ListItem\",\"position\":2,\"name\":\"Masajes y rituales en pareja o grupos\"}]},{\"@type\":\"WebSite\",\"@id\":\"https:\\\/\\\/masajesfuengirola.com\\\/#website\",\"url\":\"https:\\\/\\\/masajesfuengirola.com\\\/\",\"name\":\"Mashara Fuengirola\",\"description\":\"Centro de masajes con SPA privado, ideal para renovar tu esencia\",\"publisher\":{\"@id\":\"https:\\\/\\\/masajesfuengirola.com\\\/#organization\"},\"potentialAction\":[{\"@type\":\"SearchAction\",\"target\":{\"@type\":\"EntryPoint\",\"urlTemplate\":\"https:\\\/\\\/masajesfuengirola.com\\\/?s={search_term_string}\"},\"query-input\":{\"@type\":\"PropertyValueSpecification\",\"valueRequired\":true,\"valueName\":\"search_term_string\"}}],\"inLanguage\":\"en-GB\"},{\"@type\":\"Organization\",\"@id\":\"https:\\\/\\\/masajesfuengirola.com\\\/#organization\",\"name\":\"Mashara Fuengirola\",\"url\":\"https:\\\/\\\/masajesfuengirola.com\\\/\",\"logo\":{\"@type\":\"ImageObject\",\"inLanguage\":\"en-GB\",\"@id\":\"https:\\\/\\\/masajesfuengirola.com\\\/#\\\/schema\\\/logo\\\/image\\\/\",\"url\":\"https:\\\/\\\/masajesfuengirola.com\\\/wp-content\\\/uploads\\\/2025\\\/06\\\/logo-reescalado.png\",\"contentUrl\":\"https:\\\/\\\/masajesfuengirola.com\\\/wp-content\\\/uploads\\\/2025\\\/06\\\/logo-reescalado.png\",\"width\":50,\"height\":50,\"caption\":\"Mashara Fuengirola\"},\"image\":{\"@id\":\"https:\\\/\\\/masajesfuengirola.com\\\/#\\\/schema\\\/logo\\\/image\\\/\"},\"sameAs\":[\"https:\\\/\\\/www.facebook.com\\\/people\\\/Masajes-Mashara-Fuengirola\\\/61565101087899\\\/\"]}]}<\/script>\n<!-- \/ Yoast SEO plugin. -->","yoast_head_json":{"title":"Masajes y rituales en pareja o grupos - Mashara Fuengirola","robots":{"index":"index","follow":"follow","max-snippet":"max-snippet:-1","max-image-preview":"max-image-preview:large","max-video-preview":"max-video-preview:-1"},"canonical":"https:\/\/masajesfuengirola.com\/en\/masajes-y-rituales-en-pareja-o-grupos\/","og_locale":"en_GB","og_type":"article","og_title":"Masajes y rituales en pareja o grupos - Mashara Fuengirola","og_description":"Rituales de Masajes con t\u00e9cnicas combinadas que integran los conocimientos y bondades de las t\u00e9cnicas occidentales y orientales para el cuidado del cuerpo y la mente. En Masajes Mashara Fuengirola hemos dise\u00f1ado rituales exclusivos de nuestra marca, que transforman cada masaje en una experiencia premium de cuidado pleno y bienestar. Nuestros rituales con t\u00e9cnicas combinadas [&hellip;]","og_url":"https:\/\/masajesfuengirola.com\/en\/masajes-y-rituales-en-pareja-o-grupos\/","og_site_name":"Mashara Fuengirola","article_publisher":"https:\/\/www.facebook.com\/people\/Masajes-Mashara-Fuengirola\/61565101087899\/","article_modified_time":"2025-09-15T16:35:06+00:00","twitter_card":"summary_large_image","twitter_misc":{"Estimated reading time":"7 minutes"},"schema":{"@context":"https:\/\/schema.org","@graph":[{"@type":"WebPage","@id":"https:\/\/masajesfuengirola.com\/masajes-y-rituales-en-pareja-o-grupos\/","url":"https:\/\/masajesfuengirola.com\/masajes-y-rituales-en-pareja-o-grupos\/","name":"Masajes y rituales en pareja o grupos - Mashara Fuengirola","isPartOf":{"@id":"https:\/\/masajesfuengirola.com\/#website"},"datePublished":"2025-06-15T10:43:10+00:00","dateModified":"2025-09-15T16:35:06+00:00","breadcrumb":{"@id":"https:\/\/masajesfuengirola.com\/masajes-y-rituales-en-pareja-o-grupos\/#breadcrumb"},"inLanguage":"en-GB","potentialAction":[{"@type":"ReadAction","target":["https:\/\/masajesfuengirola.com\/masajes-y-rituales-en-pareja-o-grupos\/"]}]},{"@type":"BreadcrumbList","@id":"https:\/\/masajesfuengirola.com\/masajes-y-rituales-en-pareja-o-grupos\/#breadcrumb","itemListElement":[{"@type":"ListItem","position":1,"name":"Portada","item":"https:\/\/masajesfuengirola.com\/"},{"@type":"ListItem","position":2,"name":"Masajes y rituales en pareja o grupos"}]},{"@type":"WebSite","@id":"https:\/\/masajesfuengirola.com\/#website","url":"https:\/\/masajesfuengirola.com\/","name":"Mashara Fuengirola","description":"Massage centre with private SPA, ideal for renewing your essence.","publisher":{"@id":"https:\/\/masajesfuengirola.com\/#organization"},"potentialAction":[{"@type":"SearchAction","target":{"@type":"EntryPoint","urlTemplate":"https:\/\/masajesfuengirola.com\/?s={search_term_string}"},"query-input":{"@type":"PropertyValueSpecification","valueRequired":true,"valueName":"search_term_string"}}],"inLanguage":"en-GB"},{"@type":"Organization","@id":"https:\/\/masajesfuengirola.com\/#organization","name":"Mashara Fuengirola","url":"https:\/\/masajesfuengirola.com\/","logo":{"@type":"ImageObject","inLanguage":"en-GB","@id":"https:\/\/masajesfuengirola.com\/#\/schema\/logo\/image\/","url":"https:\/\/masajesfuengirola.com\/wp-content\/uploads\/2025\/06\/logo-reescalado.png","contentUrl":"https:\/\/masajesfuengirola.com\/wp-content\/uploads\/2025\/06\/logo-reescalado.png","width":50,"height":50,"caption":"Mashara Fuengirola"},"image":{"@id":"https:\/\/masajesfuengirola.com\/#\/schema\/logo\/image\/"},"sameAs":["https:\/\/www.facebook.com\/people\/Masajes-Mashara-Fuengirola\/61565101087899\/"]}]}},"_links":{"self":[{"href":"https:\/\/masajesfuengirola.com\/en\/wp-json\/wp\/v2\/pages\/3623","targetHints":{"allow":["GET"]}}],"collection":[{"href":"https:\/\/masajesfuengirola.com\/en\/wp-json\/wp\/v2\/pages"}],"about":[{"href":"https:\/\/masajesfuengirola.com\/en\/wp-json\/wp\/v2\/types\/page"}],"author":[{"embeddable":true,"href":"https:\/\/masajesfuengirola.com\/en\/wp-json\/wp\/v2\/users\/1"}],"replies":[{"embeddable":true,"href":"https:\/\/masajesfuengirola.com\/en\/wp-json\/wp\/v2\/comments?post=3623"}],"version-history":[{"count":3,"href":"https:\/\/masajesfuengirola.com\/en\/wp-json\/wp\/v2\/pages\/3623\/revisions"}],"predecessor-version":[{"id":3735,"href":"https:\/\/masajesfuengirola.com\/en\/wp-json\/wp\/v2\/pages\/3623\/revisions\/3735"}],"wp:attachment":[{"href":"https:\/\/masajesfuengirola.com\/en\/wp-json\/wp\/v2\/media?parent=3623"}],"curies":[{"name":"wp","href":"https:\/\/api.w.org\/{rel}","templated":true}]}}